{"id":3347,"date":"2024-01-10T13:39:52","date_gmt":"2024-01-10T13:39:52","guid":{"rendered":"https:\/\/missander.com\/condiciones-de-venta\/"},"modified":"2024-01-20T11:07:58","modified_gmt":"2024-01-20T11:07:58","slug":"condiciones-de-venta","status":"publish","type":"page","link":"https:\/\/missander.com\/en\/condiciones-de-venta\/","title":{"rendered":"Condiciones de venta"},"content":{"rendered":"\n<p>PENINSULA\/PORTUGAL\/BALEARES<\/p>\n\n<ol class=\"wp-block-list\">\n<li>Condiciones de pago<br\/>Giro domiciliado: Previa autorizaci\u00f3n del departamento de contabilidad, giro a 30 o 60 d\u00edas m\u00e1ximo, fecha factura. El cliente asumir\u00e1 los gastos derivados de la devoluci\u00f3n de los recibos domiciliados o cheque rechazado por la entidad bancaria.<br\/>Proforma: Todos los pedidos de clientes nuevos, la forma de pago ser\u00e1 proforma, de la cual el cliente har\u00e1 un ingreso inicial del 30% del valor del pedido, antes de prepararlo y su totalidad antes del env\u00edo<br\/>Reembolso: Los gastos del reembolso correr\u00e1n a cargo de Gugi Balears, S.L.<br\/>Los art\u00edculos objeto de venta ser\u00e1n propiedad el vendedor mientras no se produzca el pago total del precio de las mismas por parte del comprador.<\/li>\n\n\n\n<li>Pedido m\u00ednimo<br\/>El pedido m\u00ednimo para Pen\u00ednsula y Portugal ser\u00e1 de 300\u20ac, m\u00e1s impuestos, para portes pagados el importe m\u00ednimo ser\u00e1 de 500\u20ac, m\u00e1s impuestos, Si el pedido no llega al m\u00ednimo exigido, se cargar\u00e1 en factura, en concepto de portes 14.95\u20ac por env\u00edo.<br\/>Para env\u00edos voluminosos, se pasar\u00e1 presupuesto de los portes, que deber\u00e1 asumir el cliente, o si lo prefiere, enviar a su propia agencia de transporte.<br\/>Pedido m\u00ednimo para Menorca, Ibiza y Formentera ser\u00e1 de 250\u20ac, m\u00e1s impuestos, para portes pagados el importe m\u00ednimo ser\u00e1 de 400\u20ac, si el pedido no llega al m\u00ednimo exigido, se cargar\u00e1 en factura, en concepto de portes 14,95\u20ac por env\u00edo.<br\/>Para la isla de Mallorca, el pedido m\u00ednimo para recoger de nuestro almac\u00e9n ser\u00e1 de 200\u20ac,<br\/>Pedido m\u00ednimo para portes pagados ser\u00e1 de 350\u20ac, si el pedido no llega al m\u00ednimo exigido, se cargar\u00e1 en concepto de portes 4.95\u20ac por env\u00edo.<\/li>\n<\/ol>\n\n<p><\/p>\n\n<p>COMUNIDAD AUTONOMA DE CANARIAS<\/p>\n\n<ol class=\"wp-block-list\">\n<li>Condiciones de pago<br\/>Giro domiciliado: Previa autorizaci\u00f3n del departamento de contabilidad, giro 45\/75 d\u00edas m\u00e1ximos. El cliente asumir\u00e1 los gastos derivados de la devoluci\u00f3n de los recibos domiciliados o cheque rechazado por la entidad bancaria<br\/>Proforma: Todos los pedidos de clientes nuevos, la forma de pago ser\u00e1 proforma, de la cual el cliente tendr\u00e1 que abonar el 30% del valor del pedido como confirmaci\u00f3n y el resto antes de enviarlo.<br\/>Reembolso: Los gastos del reembolso correr\u00e1n a cargo de GUGI BALEARS, S.L.<br\/>Los art\u00edculos objeto de venta ser\u00e1n propiedad el vendedor mientras no se produzca el pago total del precio de las mismas por parte del comprador.<\/li>\n\n\n\n<li>Pedido m\u00ednimo<br\/>El Pedido m\u00ednimo ser\u00e1 de 950,00\u20ac, GUGI BALEARS, S.L. pagar\u00e1 los portes y d\u00faa de salida, (d\u00faa de entrada m\u00e1s impuestos van a cargo del cliente)<br\/>Para pedidos inferiores, se cargar\u00e1 en factura 55,00\u20ac en concepto de portes.<br\/>Para pedidos con referencias solo de textil, el pedido m\u00ednimo ser\u00e1 de 600\u20ac, si el pedido no llega al<br\/>M\u00ednimo exigido, se cargar\u00e1 en concepto de portes 35\u20ac por env\u00edo.<br\/>Para env\u00edos voluminosos, se pasar\u00e1 presupuesto al cliente, que deber\u00e1 asumir el coste o<br\/>si lo prefiere, puede enviar a su agencia de transporte.<\/li>\n<\/ol>\n\n<p><\/p>\n\n<p>ITALIA\/FRANCIA<\/p>\n\n<ol class=\"wp-block-list\">\n<li>Condiciones de pago<br\/>Proforma: El cliente har\u00e1 un ingreso inicial del 30% del valor del pedido antes de prepararlo y su totalidad antes del env\u00edo.<\/li>\n\n\n\n<li>Pedido m\u00ednimo<br\/>Pedido m\u00ednimo a servir ser\u00e1 de 300\u20ac<br\/>Para portes pagados el pedido m\u00ednimo ser\u00e1 de 950\u20ac.<br\/>Si el pedido no llega al m\u00ednimo exigido para portes pagado, se cargar\u00e1 en factura 65\u20ac en concepto de portes.<br\/>Para env\u00edos voluminosos se pasar\u00e1 presupuesto de los portes, que deber\u00e1 asumir el cliente.<br\/>Si lo prefiere, el cliente puede enviar su propia agencia de transporte.<\/li>\n<\/ol>\n\n<p><\/p>\n\n<p>CONDICIONES GENERALES PARA TODOS LOS DESTINOS<\/p>\n\n<ol class=\"wp-block-list\">\n<li>Reclamaciones<br\/>En discrepancia por diferencias observadas en la recepci\u00f3n de nuestros art\u00edculos, se atender\u00e1n todas aquellas reclamaciones que se planteen dentro de los 15 d\u00edas siguientes a la recepci\u00f3n de la mercanc\u00eda, no aceptando ninguna devoluci\u00f3n sin la previa notificaci\u00f3n por anticipado.<\/li>\n\n\n\n<li>Devoluciones<br\/>\u00danicamente se aceptar\u00e1n devoluciones por defecto de fabricaci\u00f3n o error, directamente atribuible a nuestra empresa y previa autorizaci\u00f3n de nuestro departamento de ventas. Las devoluciones deber\u00e1n acompa\u00f1ar nota de cargo por parte del cliente y el env\u00edo se deber\u00e1 realizar siempre por nuestros medios de transporte habitual, a menos que el env\u00edo se realice a porte pagados.<\/li>\n\n\n\n<li>Exenci\u00f3n de responsabilidad<br\/>Nuestra empresa no asume ninguna responsabilidad acerca de la inadecuada utilizaci\u00f3n de nuestros art\u00edculos, limit\u00e1ndose \u00fanicamente al valor de los mismos.<\/li>\n\n\n\n<li>Jurisdicci\u00f3n competente<br\/>Para cualquier discrepancia o litigio por raz\u00f3n de incumplimiento por cualquier de las dos partes, ambas aceptan la competencia de los tribunales de Palma de Mallorca, con renuncia al que pudiera corresponderles.<\/li>\n<\/ol>\n\n<p><\/p>\n\n<p>RESTO DE PAISES DE EUROPA Y FUERA DE EUROPA CONSULTAR CONDICIONES<\/p>\n","protected":false},"excerpt":{"rendered":"<p>PENINSULA\/PORTUGAL\/BALEARES COMUNIDAD AUTONOMA DE CANARIAS ITALIA\/FRANCIA CONDICIONES GENERALES PARA TODOS LOS DESTINOS RESTO DE PAISES DE EUROPA Y FUERA DE EUROPA CONSULTAR CONDICIONES<\/p>\n","protected":false},"author":1,"featured_media":0,"parent":0,"menu_order":0,"comment_status":"closed","ping_status":"closed","template":"","meta":{"inline_featured_image":false,"footnotes":""},"class_list":["post-3347","page","type-page","status-publish","hentry"],"yoast_head":"<!-- This site is optimized with the Yoast SEO plugin v21.7 - https:\/\/yoast.com\/wordpress\/plugins\/seo\/ -->\n<title>Condiciones de venta - Missander<\/title>\n<meta name=\"robots\" content=\"index, follow, max-snippet:-1, max-image-preview:large, max-video-preview:-1\" \/>\n<link rel=\"canonical\" href=\"https:\/\/missander.com\/en\/condiciones-de-venta\/\" \/>\n<meta property=\"og:locale\" content=\"en_US\" \/>\n<meta property=\"og:type\" content=\"article\" \/>\n<meta property=\"og:title\" content=\"Condiciones de venta - Missander\" \/>\n<meta property=\"og:description\" content=\"PENINSULA\/PORTUGAL\/BALEARES COMUNIDAD AUTONOMA DE CANARIAS ITALIA\/FRANCIA CONDICIONES GENERALES PARA TODOS LOS DESTINOS RESTO DE PAISES DE EUROPA Y FUERA DE EUROPA CONSULTAR CONDICIONES\" \/>\n<meta property=\"og:url\" content=\"https:\/\/missander.com\/en\/condiciones-de-venta\/\" \/>\n<meta property=\"og:site_name\" content=\"Missander\" \/>\n<meta property=\"article:modified_time\" content=\"2024-01-20T11:07:58+00:00\" \/>\n<meta name=\"twitter:card\" content=\"summary_large_image\" \/>\n<meta name=\"twitter:label1\" content=\"Est. reading time\" \/>\n\t<meta name=\"twitter:data1\" content=\"4 minutes\" \/>\n<script type=\"application\/ld+json\" class=\"yoast-schema-graph\">{\"@context\":\"https:\/\/schema.org\",\"@graph\":[{\"@type\":\"WebPage\",\"@id\":\"https:\/\/missander.com\/en\/condiciones-de-venta\/\",\"url\":\"https:\/\/missander.com\/en\/condiciones-de-venta\/\",\"name\":\"Condiciones de venta - Missander\",\"isPartOf\":{\"@id\":\"https:\/\/missander.com\/#website\"},\"datePublished\":\"2024-01-10T13:39:52+00:00\",\"dateModified\":\"2024-01-20T11:07:58+00:00\",\"breadcrumb\":{\"@id\":\"https:\/\/missander.com\/en\/condiciones-de-venta\/#breadcrumb\"},\"inLanguage\":\"en-US\",\"potentialAction\":[{\"@type\":\"ReadAction\",\"target\":[\"https:\/\/missander.com\/en\/condiciones-de-venta\/\"]}]},{\"@type\":\"BreadcrumbList\",\"@id\":\"https:\/\/missander.com\/en\/condiciones-de-venta\/#breadcrumb\",\"itemListElement\":[{\"@type\":\"ListItem\",\"position\":1,\"name\":\"Portada\",\"item\":\"https:\/\/missander.com\/en\/home\/\"},{\"@type\":\"ListItem\",\"position\":2,\"name\":\"Condiciones de venta\"}]},{\"@type\":\"WebSite\",\"@id\":\"https:\/\/missander.com\/#website\",\"url\":\"https:\/\/missander.com\/\",\"name\":\"Missander\",\"description\":\"Clothing & Home\",\"publisher\":{\"@id\":\"https:\/\/missander.com\/#organization\"},\"potentialAction\":[{\"@type\":\"SearchAction\",\"target\":{\"@type\":\"EntryPoint\",\"urlTemplate\":\"https:\/\/missander.com\/?s={search_term_string}\"},\"query-input\":\"required name=search_term_string\"}],\"inLanguage\":\"en-US\"},{\"@type\":\"Organization\",\"@id\":\"https:\/\/missander.com\/#organization\",\"name\":\"Missander\",\"url\":\"https:\/\/missander.com\/\",\"logo\":{\"@type\":\"ImageObject\",\"inLanguage\":\"en-US\",\"@id\":\"https:\/\/missander.com\/#\/schema\/logo\/image\/\",\"url\":\"https:\/\/missander.com\/wp-content\/uploads\/2022\/12\/logo-missander.svg\",\"contentUrl\":\"https:\/\/missander.com\/wp-content\/uploads\/2022\/12\/logo-missander.svg\",\"width\":800,\"height\":227,\"caption\":\"Missander\"},\"image\":{\"@id\":\"https:\/\/missander.com\/#\/schema\/logo\/image\/\"}}]}<\/script>\n<!-- \/ Yoast SEO plugin. -->","yoast_head_json":{"title":"Condiciones de venta - Missander","robots":{"index":"index","follow":"follow","max-snippet":"max-snippet:-1","max-image-preview":"max-image-preview:large","max-video-preview":"max-video-preview:-1"},"canonical":"https:\/\/missander.com\/en\/condiciones-de-venta\/","og_locale":"en_US","og_type":"article","og_title":"Condiciones de venta - Missander","og_description":"PENINSULA\/PORTUGAL\/BALEARES COMUNIDAD AUTONOMA DE CANARIAS ITALIA\/FRANCIA CONDICIONES GENERALES PARA TODOS LOS DESTINOS RESTO DE PAISES DE EUROPA Y FUERA DE EUROPA CONSULTAR CONDICIONES","og_url":"https:\/\/missander.com\/en\/condiciones-de-venta\/","og_site_name":"Missander","article_modified_time":"2024-01-20T11:07:58+00:00","twitter_card":"summary_large_image","twitter_misc":{"Est. reading time":"4 minutes"},"schema":{"@context":"https:\/\/schema.org","@graph":[{"@type":"WebPage","@id":"https:\/\/missander.com\/en\/condiciones-de-venta\/","url":"https:\/\/missander.com\/en\/condiciones-de-venta\/","name":"Condiciones de venta - Missander","isPartOf":{"@id":"https:\/\/missander.com\/#website"},"datePublished":"2024-01-10T13:39:52+00:00","dateModified":"2024-01-20T11:07:58+00:00","breadcrumb":{"@id":"https:\/\/missander.com\/en\/condiciones-de-venta\/#breadcrumb"},"inLanguage":"en-US","potentialAction":[{"@type":"ReadAction","target":["https:\/\/missander.com\/en\/condiciones-de-venta\/"]}]},{"@type":"BreadcrumbList","@id":"https:\/\/missander.com\/en\/condiciones-de-venta\/#breadcrumb","itemListElement":[{"@type":"ListItem","position":1,"name":"Portada","item":"https:\/\/missander.com\/en\/home\/"},{"@type":"ListItem","position":2,"name":"Condiciones de venta"}]},{"@type":"WebSite","@id":"https:\/\/missander.com\/#website","url":"https:\/\/missander.com\/","name":"Missander","description":"Clothing & Home","publisher":{"@id":"https:\/\/missander.com\/#organization"},"potentialAction":[{"@type":"SearchAction","target":{"@type":"EntryPoint","urlTemplate":"https:\/\/missander.com\/?s={search_term_string}"},"query-input":"required name=search_term_string"}],"inLanguage":"en-US"},{"@type":"Organization","@id":"https:\/\/missander.com\/#organization","name":"Missander","url":"https:\/\/missander.com\/","logo":{"@type":"ImageObject","inLanguage":"en-US","@id":"https:\/\/missander.com\/#\/schema\/logo\/image\/","url":"https:\/\/missander.com\/wp-content\/uploads\/2022\/12\/logo-missander.svg","contentUrl":"https:\/\/missander.com\/wp-content\/uploads\/2022\/12\/logo-missander.svg","width":800,"height":227,"caption":"Missander"},"image":{"@id":"https:\/\/missander.com\/#\/schema\/logo\/image\/"}}]}},"_links":{"self":[{"href":"https:\/\/missander.com\/en\/wp-json\/wp\/v2\/pages\/3347","targetHints":{"allow":["GET"]}}],"collection":[{"href":"https:\/\/missander.com\/en\/wp-json\/wp\/v2\/pages"}],"about":[{"href":"https:\/\/missander.com\/en\/wp-json\/wp\/v2\/types\/page"}],"author":[{"embeddable":true,"href":"https:\/\/missander.com\/en\/wp-json\/wp\/v2\/users\/1"}],"replies":[{"embeddable":true,"href":"https:\/\/missander.com\/en\/wp-json\/wp\/v2\/comments?post=3347"}],"version-history":[{"count":4,"href":"https:\/\/missander.com\/en\/wp-json\/wp\/v2\/pages\/3347\/revisions"}],"predecessor-version":[{"id":3354,"href":"https:\/\/missander.com\/en\/wp-json\/wp\/v2\/pages\/3347\/revisions\/3354"}],"wp:attachment":[{"href":"https:\/\/missander.com\/en\/wp-json\/wp\/v2\/media?parent=3347"}],"curies":[{"name":"wp","href":"https:\/\/api.w.org\/{rel}","templated":true}]}}